{"id":6163,"date":"2025-11-28T11:31:17","date_gmt":"2025-11-28T10:31:17","guid":{"rendered":"https:\/\/www.linzertorte.at\/?post_type=product&#038;p=6163"},"modified":"2025-12-04T10:19:30","modified_gmt":"2025-12-04T09:19:30","slug":"original-jindrak-marillenmarmelade-65-frucht-mit-rum","status":"publish","type":"product","link":"https:\/\/www.linzertorte.at\/en\/original-jindrak-marillenmarmelade-65-frucht-mit-rum\/","title":{"rendered":"Original Jindrak Marillenmarmelade 65% Frucht mit Rum \u2013 aus \u00f6sterreichischen Marillen"},"content":{"rendered":"<p data-start=\"588\" data-end=\"877\">Die <strong data-start=\"592\" data-end=\"638\">Original Jindrak Marillenmarmelade 65% Frucht mit Rum &#8211; aus \u00f6sterreichischen Marillen<\/strong> ist ein hochwertiger Klassiker in unserer Konditorei. Mit einem au\u00dfergew\u00f6hnlich hohen <strong data-start=\"726\" data-end=\"751\">Fruchtanteil von 65 %<\/strong> und der Verwendung von <strong data-start=\"775\" data-end=\"804\">\u00f6sterreichischen Marillen<\/strong> \u00fcberzeugt sie durch ihren intensiven, fruchtig-aromatischen Geschmack.<\/p>\n<p data-start=\"879\" data-end=\"1212\">Verfeinert wird die Marmelade mit einem Schuss <strong data-start=\"926\" data-end=\"943\">Rum<\/strong>, der f\u00fcr eine feine, edle Note sorgt und perfekt mit der nat\u00fcrlichen S\u00fc\u00dfe der Marille harmoniert. Die sorgf\u00e4ltige Verarbeitung und die Auswahl bester Rohstoffe machen diese Marillenmarmelade zu einem echten Premiumprodukt \u2013 ideal f\u00fcr Fans \u00f6sterreichischer Mehlspeisen.<\/p>\n<p data-start=\"1214\" data-end=\"1369\">Ob als F\u00fcllung f\u00fcr Krapfen, Strudel, Biskuitrouladen oder einfach aufs Fr\u00fchst\u00fcckssemmerl: Diese Marmelade bringt Tradition und Genuss direkt auf den Tisch.<\/p>\n<p data-start=\"1371\" data-end=\"1578\"><strong data-start=\"1371\" data-end=\"1383\">Zutaten:<\/strong><br data-start=\"1383\" data-end=\"1386\" \/>Marillen (65 %, aus \u00d6sterreich), Zucker, Glukose-Fruktose-Sirup, Gallhuber Rum, Geliermittel: Pektin, S\u00e4uerungsmittel: Zitronens\u00e4ure, Zitronensaftkonzentrat, Konservierungsstoff: Kaliumsorbat.<\/p>\n<p data-start=\"1580\" data-end=\"1625\"><strong data-start=\"1580\" data-end=\"1594\">F\u00fcllmenge:<\/strong> 500 g<br data-start=\"1600\" data-end=\"1603\" \/><strong data-start=\"1603\" data-end=\"1620\">Fruchtanteil:<\/strong> 65 %<\/p>\n<p data-start=\"1627\" data-end=\"1727\">Ein St\u00fcck \u00f6sterreichischer Fruchttradition \u2013 hergestellt mit Liebe, Qualit\u00e4t und regionalen Zutaten.<\/p>\n","protected":false},"excerpt":{"rendered":"<p>Unsere Original Jindrak Marillenmarmelade wird aus <strong data-start=\"367\" data-end=\"401\">65 % \u00f6sterreichischen Marillen<\/strong> hergestellt und mit feinem Gallhuber Rum veredelt. Perfekt f\u00fcr Mehlspeisen, zum Fr\u00fchst\u00fcck oder als Genussmoment zwischendurch.<\/p>\n","protected":false},"featured_media":6352,"comment_status":"open","ping_status":"closed","template":"","meta":{"_acf_changed":false},"product_brand":[],"product_cat":[209],"product_tag":[],"class_list":{"0":"post-6163","1":"product","2":"type-product","3":"status-publish","4":"has-post-thumbnail","6":"product_cat-gift-ideas","8":"first","9":"instock","10":"taxable","11":"shipping-taxable","12":"purchasable","13":"product-type-simple"},"acf":[],"_links":{"self":[{"href":"https:\/\/www.linzertorte.at\/en\/wp-json\/wp\/v2\/product\/6163","targetHints":{"allow":["GET"]}}],"collection":[{"href":"https:\/\/www.linzertorte.at\/en\/wp-json\/wp\/v2\/product"}],"about":[{"href":"https:\/\/www.linzertorte.at\/en\/wp-json\/wp\/v2\/types\/product"}],"replies":[{"embeddable":true,"href":"https:\/\/www.linzertorte.at\/en\/wp-json\/wp\/v2\/comments?post=6163"}],"wp:featuredmedia":[{"embeddable":true,"href":"https:\/\/www.linzertorte.at\/en\/wp-json\/wp\/v2\/media\/6352"}],"wp:attachment":[{"href":"https:\/\/www.linzertorte.at\/en\/wp-json\/wp\/v2\/media?parent=6163"}],"wp:term":[{"taxonomy":"product_brand","embeddable":true,"href":"https:\/\/www.linzertorte.at\/en\/wp-json\/wp\/v2\/product_brand?post=6163"},{"taxonomy":"product_cat","embeddable":true,"href":"https:\/\/www.linzertorte.at\/en\/wp-json\/wp\/v2\/product_cat?post=6163"},{"taxonomy":"product_tag","embeddable":true,"href":"https:\/\/www.linzertorte.at\/en\/wp-json\/wp\/v2\/product_tag?post=6163"}],"curies":[{"name":"wp","href":"https:\/\/api.w.org\/{rel}","templated":true}]}}