{"id":4479,"date":"2025-07-02T10:34:00","date_gmt":"2025-07-02T08:34:00","guid":{"rendered":"https:\/\/www.linzertorte.at\/praline-box-petit-6-pieces\/"},"modified":"2026-04-06T10:05:21","modified_gmt":"2026-04-06T08:05:21","slug":"praline-box-petit-6-pieces","status":"publish","type":"product","link":"https:\/\/www.linzertorte.at\/en\/praline-box-petit-6-pieces\/","title":{"rendered":"Praline Box Petit (6 pieces)"},"content":{"rendered":"<p>Die Original Linzer Torte in Tr\u00fcffelform. Genie\u00dfen Sie unsere herrliche Linzer Torten Tr\u00fcffeln, bei denen jeder Bissen an eine Original Linzer Torte erinnert. Oft ist die Tr\u00fcffel nur schon mit einem Biss aufgegessen.<br \/>\nPerfektes Geschenk f\u00fcr alle die gerne Schokolade und unsere Original Linzer Torte lieben.\u00a0In Gold oder in Braun erh\u00e4ltlich.<\/p>\n<p>Vor W\u00e4rme gesch\u00fctzt und trocken lagern.<\/p>\n","protected":false},"excerpt":{"rendered":"<p>Die Original Linzer Torte in Tr\u00fcffelform. Genie\u00dfen Sie unsere herrliche Linzer Torten Tr\u00fcffeln, bei denen jeder Bissen an eine Original Linzer Torte erinnert. Oft ist die Tr\u00fcffel nur schon mit einem Biss aufgegessen. Perfektes Geschenk f\u00fcr alle die gerne Schokolade und unsere Original Linzer Torte lieben.\u00a0In Gold oder in Braun erh\u00e4ltlich. Vor W\u00e4rme gesch\u00fctzt und &hellip; <a href=\"https:\/\/www.linzertorte.at\/en\/praline-box-petit-6-pieces\/\">Continued<\/a><\/p>\n","protected":false},"featured_media":4825,"comment_status":"closed","ping_status":"closed","template":"","meta":{"_acf_changed":false},"product_brand":[],"product_cat":[215],"product_tag":[229,193],"class_list":{"0":"post-4479","1":"product","2":"type-product","3":"status-publish","4":"has-post-thumbnail","6":"product_cat-pralines","7":"product_tag-customizable","8":"product_tag-premium-selection","10":"first","11":"instock","12":"taxable","13":"shipping-taxable","14":"purchasable","15":"product-type-woosb"},"acf":[],"_links":{"self":[{"href":"https:\/\/www.linzertorte.at\/en\/wp-json\/wp\/v2\/product\/4479","targetHints":{"allow":["GET"]}}],"collection":[{"href":"https:\/\/www.linzertorte.at\/en\/wp-json\/wp\/v2\/product"}],"about":[{"href":"https:\/\/www.linzertorte.at\/en\/wp-json\/wp\/v2\/types\/product"}],"replies":[{"embeddable":true,"href":"https:\/\/www.linzertorte.at\/en\/wp-json\/wp\/v2\/comments?post=4479"}],"wp:featuredmedia":[{"embeddable":true,"href":"https:\/\/www.linzertorte.at\/en\/wp-json\/wp\/v2\/media\/4825"}],"wp:attachment":[{"href":"https:\/\/www.linzertorte.at\/en\/wp-json\/wp\/v2\/media?parent=4479"}],"wp:term":[{"taxonomy":"product_brand","embeddable":true,"href":"https:\/\/www.linzertorte.at\/en\/wp-json\/wp\/v2\/product_brand?post=4479"},{"taxonomy":"product_cat","embeddable":true,"href":"https:\/\/www.linzertorte.at\/en\/wp-json\/wp\/v2\/product_cat?post=4479"},{"taxonomy":"product_tag","embeddable":true,"href":"https:\/\/www.linzertorte.at\/en\/wp-json\/wp\/v2\/product_tag?post=4479"}],"curies":[{"name":"wp","href":"https:\/\/api.w.org\/{rel}","templated":true}]}}