{"id":4017,"date":"2025-04-23T11:17:42","date_gmt":"2025-04-23T09:17:42","guid":{"rendered":"https:\/\/www.linzertorte.at\/konditorei-jindrak\/breakfast-at-jindrak\/"},"modified":"2025-11-17T14:39:13","modified_gmt":"2025-11-17T13:39:13","slug":"breakfast-at-jindrak","status":"publish","type":"page","link":"https:\/\/www.linzertorte.at\/en\/konditorei-jindrak\/breakfast-at-jindrak\/","title":{"rendered":"Breakfast at Jindrak"},"content":{"rendered":"<div class=\"header \">\n\t<div class=\"backgroundImage\"><\/div>\n<div class=\"header-block-inner\">\n\n\n\t<div class=\"leftImage\">\n\t\t<img decoding=\"async\" width=\"2560\" height=\"1589\" src=\"https:\/\/www.linzertorte.at\/app\/uploads\/2025\/08\/konditorei-jindrak-cafe-scaled.png\" class=\"attachment-full size-full\" alt=\"Konditorei Jindrak Cafe\" srcset=\"https:\/\/www.linzertorte.at\/app\/uploads\/2025\/08\/konditorei-jindrak-cafe-scaled.png 2560w, https:\/\/www.linzertorte.at\/app\/uploads\/2025\/08\/konditorei-jindrak-cafe-scaled-600x372.png 600w, https:\/\/www.linzertorte.at\/app\/uploads\/2025\/08\/konditorei-jindrak-cafe-300x186.png 300w, https:\/\/www.linzertorte.at\/app\/uploads\/2025\/08\/konditorei-jindrak-cafe-1024x636.png 1024w, https:\/\/www.linzertorte.at\/app\/uploads\/2025\/08\/konditorei-jindrak-cafe-768x477.png 768w, https:\/\/www.linzertorte.at\/app\/uploads\/2025\/08\/konditorei-jindrak-cafe-1536x953.png 1536w, https:\/\/www.linzertorte.at\/app\/uploads\/2025\/08\/konditorei-jindrak-cafe-2048x1271.png 2048w\" sizes=\"(max-width: 2560px) 100vw, 2560px\" \/>\n\t<\/div>\n\t<div class=\"content\">\n\t\t<div class=\"text\">\n\n\n\n\t\t\t<div class=\"title\"><h1>Breakfast at Jindrak<\/h1>\n<\/div>\n\n\n\t\t\t<div class=\"description\">A good day starts with a good breakfast.<\/div>\n\t\t\t\t\t\t<div class=\"buttons\">\n\t\t\t\t\t\t\t\t\t<a href=\"#fruehstuecksangebot\" class=\"redButton\">Discover our breakfast selection\n\t\t\t\t\t\t<svg xmlns=\"http:\/\/www.w3.org\/2000\/svg\" width=\"17\" height=\"16\" viewBox=\"0 0 17 16\" fill=\"none\">\n\t\t\t\t\t\t\t<mask id=\"mask0_604_17\" style=\"mask-type:luminance\" maskUnits=\"userSpaceOnUse\" x=\"0\" y=\"0\" width=\"17\" height=\"16\">\n\t\t\t\t\t\t\t\t<path d=\"M16.5 0H0.5V16H16.5V0Z\" fill=\"white\"\/>\n\t\t\t\t\t\t\t<\/mask>\n\t\t\t\t\t\t\t<g mask=\"url(#mask0_604_17)\">\n\t\t\t\t\t\t\t\t<path d=\"M12.04 5.33331L14.6667 7.99998L12.04 10.6666\" stroke=\"white\" stroke-linecap=\"round\" stroke-linejoin=\"round\"\/>\n\t\t\t\t\t\t\t\t<path d=\"M14.6266 8H2.33325\" stroke=\"white\" stroke-linecap=\"round\" stroke-linejoin=\"round\"\/>\n\t\t\t\t\t\t\t<\/g>\n\t\t\t\t\t\t<\/svg>\n\t\t\t\t\t<\/a>\n\t\t\t\t\t\t\t\t\t\t\t<\/div>\n\t\t<\/div>\n\n\t<\/div>\n\n\t<div class=\"downImg\">\n\t\t<img decoding=\"async\" width=\"1000\" height=\"400\" src=\"https:\/\/www.linzertorte.at\/app\/uploads\/2025\/07\/kaffeebohnen.webp\" class=\"attachment-full size-full\" alt=\"Kaffeebohnen\" srcset=\"https:\/\/www.linzertorte.at\/app\/uploads\/2025\/07\/kaffeebohnen.webp 1000w, https:\/\/www.linzertorte.at\/app\/uploads\/2025\/07\/kaffeebohnen-600x240.webp 600w, https:\/\/www.linzertorte.at\/app\/uploads\/2025\/07\/kaffeebohnen-300x120.webp 300w, https:\/\/www.linzertorte.at\/app\/uploads\/2025\/07\/kaffeebohnen-768x307.webp 768w\" sizes=\"(max-width: 1000px) 100vw, 1000px\" \/>\n\t<\/div>\n<\/div>\n<\/div>\n\n\n<div class=\"wp-block-group is-layout-constrained wp-block-group-is-layout-constrained\" style=\"margin-top:var(--wp--preset--spacing--xl);margin-bottom:var(--wp--preset--spacing--xl)\">\n<h2 class=\"wp-block-heading has-text-align-center is-style-title-icon has-primary-rot-color has-text-color has-link-color wp-elements-1d159afb7d528520ddc4a79eae3d1816\">A good day starts with a good breakfast.<\/h2>\n\n\n\n<h3 class=\"wp-block-heading has-text-align-center\">Where is it possible to get a good breakfast at Linz?<br>Directly from the Master Confectioner.<\/h3>\n\n\n\n<p class=\"has-text-align-center\">If you\u2019re looking for a traditional breakfast made with quality ingredients and excellent coffee, you\u2019ll feel right at home at one of the Jindrak caf\u00e9s. Enjoy breakfast options for every taste \u2013 all in trusted Jindrak quality.<br>Look forward to the finest mini-jar jams from Manufaktur Unterweger, organic muesli from M\u00fcslib\u00e4r Zagler, premium coffee by Julius Meinl, and freshly baked pastries. At our P\u00f6stlingberg and Herrenstra\u00dfe locations, we also serve fried eggs, scrambled eggs, and ham &amp; eggs \u2013 all prepared with high-quality organic eggs.   <\/p>\n\n\n\n<div class=\"wp-block-media-text has-media-on-the-right is-stacked-on-mobile is-vertically-aligned-center\" style=\"margin-top:0\"><div class=\"wp-block-media-text__content\">\n<p class=\"has-text-align-left\">Take your time to stroll through the city and soak in the atmosphere.<br>Then treat yourself to a break in one of Linz\u2019s traditional caf\u00e9s.<br>In every charming district \u2013 whether it\u2019s the Old Town, city center, Urfahr, S\u00fcdbahnhofmarkt, or P\u00f6stlingberg \u2013 you\u2019ll find a Konditorei Jindrak location.<br>Enjoy our aromatic Julius Meinl coffee and experience the unmistakable taste of the Original Linzer Torte.   <\/p>\n<\/div><figure class=\"wp-block-media-text__media\"><img decoding=\"async\" width=\"940\" height=\"788\" src=\"https:\/\/www.linzertorte.at\/app\/uploads\/2025\/07\/fruestuecken-bei-jindrak.jpg\" alt=\"breakfast at Jindrak\" class=\"wp-image-1941 size-full\" srcset=\"https:\/\/www.linzertorte.at\/app\/uploads\/2025\/07\/fruestuecken-bei-jindrak.jpg 940w, https:\/\/www.linzertorte.at\/app\/uploads\/2025\/07\/fruestuecken-bei-jindrak-600x503.jpg 600w, https:\/\/www.linzertorte.at\/app\/uploads\/2025\/07\/fruestuecken-bei-jindrak-300x251.jpg 300w, https:\/\/www.linzertorte.at\/app\/uploads\/2025\/07\/fruestuecken-bei-jindrak-768x644.jpg 768w\" sizes=\"(max-width: 940px) 100vw, 940px\" \/><\/figure><\/div>\n\n\n\n<div style=\"margin-top:var(--wp--preset--spacing--none);margin-bottom:var(--wp--preset--spacing--none);height:100px\" aria-hidden=\"true\" class=\"wp-block-spacer is-style-mobile-smaller\"><\/div>\n\n\n\n<h2 class=\"wp-block-heading has-text-align-center is-style-default has-primary-rot-color has-text-color has-link-color wp-elements-1a77b1003e07ec7b93fa13b6837e68cd\" id=\"fruehstuecksangebot\">Choose from the following breakfast options:<\/h2>\n\n\n\n<div class=\"wp-block-columns is-layout-flex wp-container-core-columns-is-layout-4a9690b1 wp-block-columns-is-layout-flex\" style=\"margin-top:var(--wp--preset--spacing--none);margin-bottom:0\">\n<div class=\"wp-block-column is-style-column-rounded has-gelb-bg-2-background-color has-background is-layout-flow wp-block-column-is-layout-flow\">\n<h3 class=\"wp-block-heading has-text-align-center has-primary-rot-color has-text-color has-link-color wp-elements-be9c24b04f520289d069362583ff8bf1\">Home-style Breakfast<\/h3>\n\n\n\n<p class=\"has-text-align-center\" style=\"margin-bottom:var(--wp--preset--spacing--xs)\">A small pot of coffee, tea or hot chocolate, cold pressed RAUCH orange juice, ham, cheese, two handmade bread rolls of your choice, butter, cream cheese with herbs, jam** or honey <\/p>\n\n\n\n<p class=\"has-text-align-center has-primary-rot-color has-text-color has-link-color wp-elements-9b15f3c2843af29bcd842b1cc1ca8091\" style=\"margin-bottom:var(--wp--preset--spacing--none)\"><strong>\u20ac 14,00<\/strong><\/p>\n<\/div>\n\n\n\n<div class=\"wp-block-column is-style-column-rounded has-gelb-bg-2-background-color has-background is-layout-flow wp-block-column-is-layout-flow\">\n<h3 class=\"wp-block-heading has-text-align-center has-primary-rot-color has-text-color has-link-color wp-elements-04e16f6a2f5b1b0eca4a18f4f39cef85\">Fitness Breakfast<\/h3>\n\n\n\n<p class=\"has-text-align-center\" style=\"margin-bottom:var(--wp--preset--spacing--xs)\">A cup of coffee, tea or hot chocolate, creamy natural yogurt, basic\/chocolate or fruit flavored cereals from M\u00fcslib\u00e4r*, fresh fruit, cold pressed RAUCH orange juice, one handmade bread roll of your choice, butter, jam** or honey <\/p>\n\n\n\n<p class=\"has-text-align-center has-primary-rot-color has-text-color has-link-color wp-elements-6757b4ded78492f59f1aa7ad0aab5ba3\" style=\"margin-top:0;margin-bottom:var(--wp--preset--spacing--none)\"><strong>\u20ac 14,40<\/strong><\/p>\n<\/div>\n\n\n\n<div class=\"wp-block-column is-style-column-rounded has-gelb-bg-2-background-color has-background is-layout-flow wp-block-column-is-layout-flow\">\n<h3 class=\"wp-block-heading has-text-align-center has-primary-rot-color has-text-color has-link-color wp-elements-c8bfd5d025d66c144866c2f5b174e203\">Small Breakfast<\/h3>\n\n\n\n<p class=\"has-text-align-center\">A cup of coffee, tea or hot chocolate, one handmade bread roll of your choice, butter, jam** or honey<\/p>\n\n\n\n<p class=\"has-text-align-center has-primary-rot-color has-text-color has-link-color wp-elements-28d8008fc90cc2b8d3a8a555b0274ebb\"><strong>\u20ac 7,00<\/strong><\/p>\n<\/div>\n<\/div>\n\n\n\n<h3 class=\"wp-block-heading has-text-align-center has-primary-rot-color has-text-color has-link-color wp-elements-ec9e82b686def7bf7cd87e712489269c\" style=\"margin-top:var(--wp--preset--spacing--l);margin-bottom:0\">Cereals<\/h3>\n\n\n\n<div class=\"wp-block-columns is-layout-flex wp-container-core-columns-is-layout-9d6595d7 wp-block-columns-is-layout-flex\">\n<div class=\"wp-block-column is-style-column-rounded has-gelb-bg-2-background-color has-background is-layout-flow wp-block-column-is-layout-flow\">\n<p class=\"has-text-align-center\">Creamy natural yogurt with fresh fruit<\/p>\n\n\n\n<p class=\"has-text-align-center has-primary-rot-color has-text-color has-link-color wp-elements-9c236951993e8e5c5bdac5d2fa37156f\"><strong>\u20ac 6,20<\/strong><\/p>\n<\/div>\n\n\n\n<div class=\"wp-block-column is-style-column-rounded has-gelb-bg-2-background-color has-background is-layout-flow wp-block-column-is-layout-flow\">\n<p class=\"has-text-align-center\">Creamy natural yogurt with organic cereals*<\/p>\n\n\n\n<p class=\"has-text-align-center has-primary-rot-color has-text-color has-link-color wp-elements-9c236951993e8e5c5bdac5d2fa37156f\"><strong>\u20ac 6,20<\/strong><\/p>\n<\/div>\n\n\n\n<div class=\"wp-block-column is-style-column-rounded has-gelb-bg-2-background-color has-background is-layout-flow wp-block-column-is-layout-flow\">\n<p class=\"has-text-align-center\">Creamy natural yogurt with fresh fruit and organic cereals*<\/p>\n\n\n\n<p class=\"has-text-align-center has-primary-rot-color has-text-color has-link-color wp-elements-28d8008fc90cc2b8d3a8a555b0274ebb\"><strong>\u20ac 7,00<\/strong><\/p>\n<\/div>\n<\/div>\n\n\n\n<div style=\"height:50px\" aria-hidden=\"true\" class=\"wp-block-spacer is-style-mobile-smaller\"><\/div>\n\n\n\n<p class=\"has-text-align-center\">* Upon request we offer organic cereals (basic\/ chocolate or fruit flavored) from M\u00fcslib\u00e4r (Zagler Bio GmbH)<br>**Upon request we offer our homemade apricot jam with or without rum<\/p>\n\n\n\n<div style=\"height:50px\" aria-hidden=\"true\" class=\"wp-block-spacer\"><\/div>\n\n\n\n<h2 class=\"wp-block-heading has-text-align-center is-style-title-icon has-primary-rot-color has-text-color has-link-color wp-elements-82d87364f62b1dd9296dc2a99b3f0873\" style=\"margin-bottom:var(--wp--preset--spacing--xs)\">Our breakfast menu<\/h2>\n\n\n\n<p class=\"has-text-align-center\">In selected locations, we also offer an extended breakfast menu \u2013 from classic options to small, savory dishes.<br>At Jindrak, your day begins not only with fine pastries but with a delightful start in a warm and welcoming atmosphere. <\/p>\n\n\n\n<div class=\"wp-block-columns is-layout-flex wp-container-core-columns-is-layout-9d6595d7 wp-block-columns-is-layout-flex\">\n<div class=\"wp-block-column is-layout-flow wp-block-column-is-layout-flow\">\n<div class=\"wp-block-buttons is-content-justification-center is-layout-flex wp-container-core-buttons-is-layout-16018d1d wp-block-buttons-is-layout-flex\">\n<div class=\"wp-block-button\"><a class=\"wp-block-button__link wp-element-button\" href=\"https:\/\/www.linzertorte.at\/app\/uploads\/2025\/10\/Fruehstueckskarte_Herrenstrasse.pdf\">Herrenstra\u00dfe<\/a><\/div>\n<\/div>\n<\/div>\n\n\n\n<div class=\"wp-block-column is-layout-flow wp-block-column-is-layout-flow\">\n<div class=\"wp-block-buttons is-content-justification-center is-layout-flex wp-container-core-buttons-is-layout-16018d1d wp-block-buttons-is-layout-flex\">\n<div class=\"wp-block-button\"><a class=\"wp-block-button__link wp-element-button\" href=\"https:\/\/www.linzertorte.at\/app\/uploads\/2025\/10\/Fruehstueckskarte_klein.pdf\">All other locations<\/a><\/div>\n<\/div>\n<\/div>\n\n\n\n<div class=\"wp-block-column is-layout-flow wp-block-column-is-layout-flow\">\n<div class=\"wp-block-buttons is-content-justification-center is-layout-flex wp-container-core-buttons-is-layout-16018d1d wp-block-buttons-is-layout-flex\">\n<div class=\"wp-block-button\"><a class=\"wp-block-button__link wp-element-button\" href=\"https:\/\/www.linzertorte.at\/app\/uploads\/2025\/10\/Fruehstueckskarte_Poestlingberg.pdf\">P\u00f6stlingberg<\/a><\/div>\n<\/div>\n<\/div>\n<\/div>\n<\/div>\n\n\n\n<div style=\"height:100px\" aria-hidden=\"true\" class=\"wp-block-spacer is-style-mobile-smaller\"><\/div>\n","protected":false},"excerpt":{"rendered":"<p>A good day starts with a good breakfast. Where is it possible to get a good breakfast at Linz?Directly from the Master Confectioner. If you\u2019re looking for a traditional breakfast made with quality ingredients and excellent coffee, you\u2019ll feel right at home at one of the Jindrak caf\u00e9s. Enjoy breakfast options for every taste \u2013 &hellip; <a href=\"https:\/\/www.linzertorte.at\/en\/konditorei-jindrak\/breakfast-at-jindrak\/\">Continued<\/a><\/p>\n","protected":false},"author":1,"featured_media":4008,"parent":3993,"menu_order":0,"comment_status":"closed","ping_status":"closed","template":"","meta":{"_acf_changed":false,"footnotes":""},"class_list":["post-4017","page","type-page","status-publish","has-post-thumbnail","hentry"],"acf":[],"_links":{"self":[{"href":"https:\/\/www.linzertorte.at\/en\/wp-json\/wp\/v2\/pages\/4017","targetHints":{"allow":["GET"]}}],"collection":[{"href":"https:\/\/www.linzertorte.at\/en\/wp-json\/wp\/v2\/pages"}],"about":[{"href":"https:\/\/www.linzertorte.at\/en\/wp-json\/wp\/v2\/types\/page"}],"author":[{"embeddable":true,"href":"https:\/\/www.linzertorte.at\/en\/wp-json\/wp\/v2\/users\/1"}],"replies":[{"embeddable":true,"href":"https:\/\/www.linzertorte.at\/en\/wp-json\/wp\/v2\/comments?post=4017"}],"version-history":[{"count":19,"href":"https:\/\/www.linzertorte.at\/en\/wp-json\/wp\/v2\/pages\/4017\/revisions"}],"predecessor-version":[{"id":5637,"href":"https:\/\/www.linzertorte.at\/en\/wp-json\/wp\/v2\/pages\/4017\/revisions\/5637"}],"up":[{"embeddable":true,"href":"https:\/\/www.linzertorte.at\/en\/wp-json\/wp\/v2\/pages\/3993"}],"wp:featuredmedia":[{"embeddable":true,"href":"https:\/\/www.linzertorte.at\/en\/wp-json\/wp\/v2\/media\/4008"}],"wp:attachment":[{"href":"https:\/\/www.linzertorte.at\/en\/wp-json\/wp\/v2\/media?parent=4017"}],"curies":[{"name":"wp","href":"https:\/\/api.w.org\/{rel}","templated":true}]}}