{"id":3895,"date":"2025-07-22T13:32:09","date_gmt":"2025-07-22T11:32:09","guid":{"rendered":"https:\/\/www.linzertorte.at\/our-shops-opening-hours\/suedbahnhofmarkt\/"},"modified":"2025-11-17T15:58:07","modified_gmt":"2025-11-17T14:58:07","slug":"suedbahnhofmarkt","status":"publish","type":"page","link":"https:\/\/www.linzertorte.at\/en\/our-shops-opening-hours\/suedbahnhofmarkt\/","title":{"rendered":"S\u00fcdbahnhofmarkt"},"content":{"rendered":"<div class=\"header \">\n\t<div class=\"backgroundImage\"><\/div>\n<div class=\"header-block-inner\">\n\n\n\t<div class=\"leftImage\">\n\t\t<img decoding=\"async\" width=\"2560\" height=\"1589\" src=\"https:\/\/www.linzertorte.at\/app\/uploads\/2025\/08\/konditorei-jindrak-cafe-scaled.png\" class=\"attachment-full size-full\" alt=\"Konditorei Jindrak Cafe\" srcset=\"https:\/\/www.linzertorte.at\/app\/uploads\/2025\/08\/konditorei-jindrak-cafe-scaled.png 2560w, https:\/\/www.linzertorte.at\/app\/uploads\/2025\/08\/konditorei-jindrak-cafe-scaled-600x372.png 600w, https:\/\/www.linzertorte.at\/app\/uploads\/2025\/08\/konditorei-jindrak-cafe-300x186.png 300w, https:\/\/www.linzertorte.at\/app\/uploads\/2025\/08\/konditorei-jindrak-cafe-1024x636.png 1024w, https:\/\/www.linzertorte.at\/app\/uploads\/2025\/08\/konditorei-jindrak-cafe-768x477.png 768w, https:\/\/www.linzertorte.at\/app\/uploads\/2025\/08\/konditorei-jindrak-cafe-1536x953.png 1536w, https:\/\/www.linzertorte.at\/app\/uploads\/2025\/08\/konditorei-jindrak-cafe-2048x1271.png 2048w\" sizes=\"(max-width: 2560px) 100vw, 2560px\" \/>\n\t<\/div>\n\t<div class=\"content\">\n\t\t<div class=\"text\">\n\n\n\n\t\t\t<div class=\"title\"><h1 class=\"hd\">S\u00fcdbahnhof-markt<\/h1>\n<\/div>\n\n\n\t\t\t<div class=\"description\"><\/div>\n\t\t\t\t\t\t<div class=\"buttons\">\n\t\t\t\t\t\t\t\t\t\t\t<\/div>\n\t\t<\/div>\n\n\t<\/div>\n\n\t<div class=\"downImg\">\n\t\t<img decoding=\"async\" width=\"1000\" height=\"400\" src=\"https:\/\/www.linzertorte.at\/app\/uploads\/2025\/07\/kaffeebohnen.webp\" class=\"attachment-full size-full\" alt=\"Kaffeebohnen\" srcset=\"https:\/\/www.linzertorte.at\/app\/uploads\/2025\/07\/kaffeebohnen.webp 1000w, https:\/\/www.linzertorte.at\/app\/uploads\/2025\/07\/kaffeebohnen-600x240.webp 600w, https:\/\/www.linzertorte.at\/app\/uploads\/2025\/07\/kaffeebohnen-300x120.webp 300w, https:\/\/www.linzertorte.at\/app\/uploads\/2025\/07\/kaffeebohnen-768x307.webp 768w\" sizes=\"(max-width: 1000px) 100vw, 1000px\" \/>\n\t<\/div>\n<\/div>\n<\/div>\n\n\n<div class=\"wp-block-group is-layout-constrained wp-block-group-is-layout-constrained\" style=\"margin-top:var(--wp--preset--spacing--xl);margin-bottom:var(--wp--preset--spacing--xl)\">\n<h2 class=\"wp-block-heading has-text-align-center is-style-title-icon has-primary-rot-color has-text-color has-link-color wp-elements-4eee4e8fa243908ed481f7c203e36f7b\">Welcome at our Jindrak shop on S\u00fcdbahnhofmarkt!<\/h2>\n\n\n\n<p class=\"has-text-align-center\">Originally, the S\u00fcdbahnhof was indeed a railway station.<br>It served as a stop on the horse-drawn railway connecting \u010cesk\u00e9 Bud\u011bjovice (Budweis) and Gmunden.<br>Since 1949, the site has been home to the S\u00fcdbahnhofmarkt \u2013 Upper Austria\u2019s largest farmers\u2019 market.<br>For many residents of Linz, a weekly visit to the market is a cherished tradition.<br>Immerse yourself in the variety and freshness of regional products.<br>The market is open Monday to Friday from 6:00 AM to 6:00 PM and Saturday from 6:00 AM to 1:00 PM.     <\/p>\n<\/div>\n\n\n\n<div class=\"wp-block-group is-layout-constrained wp-block-group-is-layout-constrained\">\n<div class=\"wp-block-media-text has-media-on-the-right is-stacked-on-mobile is-vertically-aligned-center\"><div class=\"wp-block-media-text__content\">\n<h2 class=\"wp-block-heading has-text-align-center is-style-h3 has-primary-rot-color has-text-color has-link-color wp-elements-b4bd28e41811df543f4bc4107b119883\">shop infos &amp; opening hours Jindrak am S\u00fcdbahnhofmarkt<\/h2>\n\n\n\n<p class=\"has-text-align-center\">contact:<br>S\u00fcdbahnhofmarkt 23, 4020 Linz<br>0732 77925892<br>E-Mail: jindrak@linzertorte.at<\/p>\n\n\n\n<p class=\"has-text-align-center\">Opening Hours:<br>Monday \u2013 Thursday: 9:00 AM \u2013 5:00 PM<br>Friday: 7:30 AM \u2013 5:00 PM<br>Saturday: 7:30 AM \u2013 1:00 PM<\/p>\n\n\n\n<p class=\"has-text-align-center\">The Gruberstra\u00dfe bus stop (lines 12, 25, 45 and 46) is located nearby.<\/p>\n<\/div><figure class=\"wp-block-media-text__media\"><img decoding=\"async\" width=\"908\" height=\"752\" src=\"https:\/\/www.linzertorte.at\/app\/uploads\/2025\/08\/suedbahnhofmarkt-filiale-e1756202348448.jpg\" alt=\"\" class=\"wp-image-3051 size-full\" srcset=\"https:\/\/www.linzertorte.at\/app\/uploads\/2025\/08\/suedbahnhofmarkt-filiale-e1756202348448.jpg 908w, https:\/\/www.linzertorte.at\/app\/uploads\/2025\/08\/suedbahnhofmarkt-filiale-e1756202348448-600x497.jpg 600w, https:\/\/www.linzertorte.at\/app\/uploads\/2025\/08\/suedbahnhofmarkt-filiale-e1756202348448-300x248.jpg 300w, https:\/\/www.linzertorte.at\/app\/uploads\/2025\/08\/suedbahnhofmarkt-filiale-e1756202348448-768x636.jpg 768w\" sizes=\"(max-width: 908px) 100vw, 908px\" \/><\/figure><\/div>\n<\/div>\n\n\n\n<div class=\"wp-block-group is-style-backgroundImage is-layout-constrained wp-block-group-is-layout-constrained\" style=\"padding-bottom:0\">\n<h2 class=\"wp-block-heading has-text-align-center is-style-title-icon has-primary-rot-color has-text-color has-link-color wp-elements-d4d9d9b25862f0bb10b515f5a5c7668f\">Jindrak shop on S\u00fcdbahnhofmarkt<\/h2>\n\n\n\n<p class=\"has-text-align-center\">The Jindrak shop at the S\u00fcdbahnhofmarkt was the company\u2019s first branch after the flagship caf\u00e9 on Herrenstra\u00dfe.<br>It was founded in 1979 by Leo Jindrak II, father of today\u2019s company owner, Kommerzialrat Leo Jindrak III.<br>Even today, the caf\u00e9 retains a special atmosphere and a touch of nostalgia \u2013 a small oasis of calm from which you can watch the colourful hustle and bustle of the market through the window.<br>Enjoy a cup of coffee and choose from our wide selection of homemade pastries, which we\u2019re happy to pack for you to take home.<\/p>\n\n\n\n<h2 class=\"wp-block-heading has-text-align-center is-style-h3 has-primary-rot-color has-text-color has-link-color wp-elements-644b6f4e7a158cc7350dc281ae6ccab6\">Outdoor seating in summer<\/h2>\n\n\n\n<p class=\"has-text-align-center\">A local insider tip for a little getaway at home:<br>There\u2019s no better place to watch the cheerful bustle of the market than with a good cup of coffee in our small, cosy garden terrace, located right in front of the shop during the summer months. <\/p>\n\n\n\n<div class=\"wp-block-media-text is-stacked-on-mobile is-vertically-aligned-center\"><figure class=\"wp-block-media-text__media\"><img decoding=\"async\" width=\"1024\" height=\"1024\" src=\"https:\/\/www.linzertorte.at\/app\/uploads\/2025\/08\/linzer-torte-im-geschenkskarton-1024x1024.jpg\" alt=\"\" class=\"wp-image-2332 size-full\" srcset=\"https:\/\/www.linzertorte.at\/app\/uploads\/2025\/08\/linzer-torte-im-geschenkskarton-1024x1024.jpg 1024w, https:\/\/www.linzertorte.at\/app\/uploads\/2025\/08\/linzer-torte-im-geschenkskarton-300x300.jpg 300w, https:\/\/www.linzertorte.at\/app\/uploads\/2025\/08\/linzer-torte-im-geschenkskarton-100x100.jpg 100w, https:\/\/www.linzertorte.at\/app\/uploads\/2025\/08\/linzer-torte-im-geschenkskarton-600x600.jpg 600w, https:\/\/www.linzertorte.at\/app\/uploads\/2025\/08\/linzer-torte-im-geschenkskarton-150x150.jpg 150w, https:\/\/www.linzertorte.at\/app\/uploads\/2025\/08\/linzer-torte-im-geschenkskarton-768x768.jpg 768w, https:\/\/www.linzertorte.at\/app\/uploads\/2025\/08\/linzer-torte-im-geschenkskarton-460x460.jpg 460w, https:\/\/www.linzertorte.at\/app\/uploads\/2025\/08\/linzer-torte-im-geschenkskarton.jpg 1080w\" sizes=\"(max-width: 1024px) 100vw, 1024px\" \/><\/figure><div class=\"wp-block-media-text__content\">\n<h2 class=\"wp-block-heading has-text-align-left is-style-default has-primary-rot-color has-text-color has-link-color wp-elements-d0683acf603902c25adcb3d0bbef9ecf\">Gifts and Souvenirs<\/h2>\n\n\n\n<p class=\"has-text-align-left\">Be sure to take a look at our wide range of gift ideas.<br>From the Original Linzer Torte in various sizes and packaging options to special editions of our handmade pralines, you\u2019ll find everything to make a connoisseur\u2019s heart beat faster. <\/p>\n<\/div><\/div>\n<\/div>\n\n\n\n<div class=\"wp-block-group has-gelb-bg-2-background-color has-background is-layout-constrained wp-block-group-is-layout-constrained\">\n<h3 class=\"wp-block-heading has-text-align-center is-style-h3 has-primary-rot-color has-text-color has-link-color wp-elements-6f8233ffc96c9deed73b567d75240f83\" style=\"margin-top:var(--wp--preset--spacing--none)\">Browse our drinks menu now<\/h3>\n\n\n\n<div class=\"wp-block-buttons is-content-justification-center is-layout-flex wp-container-core-buttons-is-layout-16018d1d wp-block-buttons-is-layout-flex\">\n<div class=\"wp-block-button\"><a class=\"wp-block-button__link wp-element-button\" href=\"https:\/\/www.linzertorte.at\/app\/uploads\/2025\/09\/Digitale_Karte_PC_LC_URF_Suedi.pdf\" target=\"_blank\" rel=\"noreferrer noopener\">Current Menu<\/a><\/div>\n<\/div>\n<\/div>\n","protected":false},"excerpt":{"rendered":"<p>Welcome at our Jindrak shop on S\u00fcdbahnhofmarkt! Originally, the S\u00fcdbahnhof was indeed a railway station.It served as a stop on the horse-drawn railway connecting \u010cesk\u00e9 Bud\u011bjovice (Budweis) and Gmunden.Since 1949, the site has been home to the S\u00fcdbahnhofmarkt \u2013 Upper Austria\u2019s largest farmers\u2019 market.For many residents of Linz, a weekly visit to the market is &hellip; <a href=\"https:\/\/www.linzertorte.at\/en\/our-shops-opening-hours\/suedbahnhofmarkt\/\">Continued<\/a><\/p>\n","protected":false},"author":2,"featured_media":0,"parent":3843,"menu_order":0,"comment_status":"closed","ping_status":"closed","template":"","meta":{"_acf_changed":false,"footnotes":""},"class_list":["post-3895","page","type-page","status-publish","hentry"],"acf":[],"_links":{"self":[{"href":"https:\/\/www.linzertorte.at\/en\/wp-json\/wp\/v2\/pages\/3895","targetHints":{"allow":["GET"]}}],"collection":[{"href":"https:\/\/www.linzertorte.at\/en\/wp-json\/wp\/v2\/pages"}],"about":[{"href":"https:\/\/www.linzertorte.at\/en\/wp-json\/wp\/v2\/types\/page"}],"author":[{"embeddable":true,"href":"https:\/\/www.linzertorte.at\/en\/wp-json\/wp\/v2\/users\/2"}],"replies":[{"embeddable":true,"href":"https:\/\/www.linzertorte.at\/en\/wp-json\/wp\/v2\/comments?post=3895"}],"version-history":[{"count":13,"href":"https:\/\/www.linzertorte.at\/en\/wp-json\/wp\/v2\/pages\/3895\/revisions"}],"predecessor-version":[{"id":5709,"href":"https:\/\/www.linzertorte.at\/en\/wp-json\/wp\/v2\/pages\/3895\/revisions\/5709"}],"up":[{"embeddable":true,"href":"https:\/\/www.linzertorte.at\/en\/wp-json\/wp\/v2\/pages\/3843"}],"wp:attachment":[{"href":"https:\/\/www.linzertorte.at\/en\/wp-json\/wp\/v2\/media?parent=3895"}],"curies":[{"name":"wp","href":"https:\/\/api.w.org\/{rel}","templated":true}]}}