{"id":3863,"date":"2025-07-22T13:31:51","date_gmt":"2025-07-22T11:31:51","guid":{"rendered":"https:\/\/www.linzertorte.at\/our-shops-opening-hours\/krankenhausstrasse\/"},"modified":"2025-11-17T15:39:12","modified_gmt":"2025-11-17T14:39:12","slug":"krankenhausstrasse","status":"publish","type":"page","link":"https:\/\/www.linzertorte.at\/en\/our-shops-opening-hours\/krankenhausstrasse\/","title":{"rendered":"Krankenhausstra\u00dfe"},"content":{"rendered":"<div class=\"header \">\n\t<div class=\"backgroundImage\"><\/div>\n<div class=\"header-block-inner\">\n\n\n\t<div class=\"leftImage\">\n\t\t<img decoding=\"async\" width=\"2560\" height=\"1589\" src=\"https:\/\/www.linzertorte.at\/app\/uploads\/2025\/08\/konditorei-jindrak-cafe-scaled.png\" class=\"attachment-full size-full\" alt=\"Konditorei Jindrak Cafe\" srcset=\"https:\/\/www.linzertorte.at\/app\/uploads\/2025\/08\/konditorei-jindrak-cafe-scaled.png 2560w, https:\/\/www.linzertorte.at\/app\/uploads\/2025\/08\/konditorei-jindrak-cafe-scaled-600x372.png 600w, https:\/\/www.linzertorte.at\/app\/uploads\/2025\/08\/konditorei-jindrak-cafe-300x186.png 300w, https:\/\/www.linzertorte.at\/app\/uploads\/2025\/08\/konditorei-jindrak-cafe-1024x636.png 1024w, https:\/\/www.linzertorte.at\/app\/uploads\/2025\/08\/konditorei-jindrak-cafe-768x477.png 768w, https:\/\/www.linzertorte.at\/app\/uploads\/2025\/08\/konditorei-jindrak-cafe-1536x953.png 1536w, https:\/\/www.linzertorte.at\/app\/uploads\/2025\/08\/konditorei-jindrak-cafe-2048x1271.png 2048w\" sizes=\"(max-width: 2560px) 100vw, 2560px\" \/>\n\t<\/div>\n\t<div class=\"content\">\n\t\t<div class=\"text\">\n\n\n\n\t\t\t<div class=\"title\"><h1 class=\"hd\">Krankenhaus-stra\u00dfe<\/h1>\n<\/div>\n\n\n\t\t\t<div class=\"description\"><\/div>\n\t\t\t\t\t\t<div class=\"buttons\">\n\t\t\t\t\t\t\t\t\t\t\t<\/div>\n\t\t<\/div>\n\n\t<\/div>\n\n\t<div class=\"downImg\">\n\t\t<img decoding=\"async\" width=\"1000\" height=\"400\" src=\"https:\/\/www.linzertorte.at\/app\/uploads\/2025\/07\/kaffeebohnen.webp\" class=\"attachment-full size-full\" alt=\"Kaffeebohnen\" srcset=\"https:\/\/www.linzertorte.at\/app\/uploads\/2025\/07\/kaffeebohnen.webp 1000w, https:\/\/www.linzertorte.at\/app\/uploads\/2025\/07\/kaffeebohnen-600x240.webp 600w, https:\/\/www.linzertorte.at\/app\/uploads\/2025\/07\/kaffeebohnen-300x120.webp 300w, https:\/\/www.linzertorte.at\/app\/uploads\/2025\/07\/kaffeebohnen-768x307.webp 768w\" sizes=\"(max-width: 1000px) 100vw, 1000px\" \/>\n\t<\/div>\n<\/div>\n<\/div>\n\n\n<div class=\"wp-block-group is-layout-constrained wp-block-group-is-layout-constrained\" style=\"margin-top:var(--wp--preset--spacing--xl);margin-bottom:var(--wp--preset--spacing--xl)\">\n<h2 class=\"wp-block-heading has-text-align-center is-style-title-icon has-primary-rot-color has-text-color has-link-color wp-elements-ae4f7bba992cc49af4eedd662ba6aca8\" style=\"margin-bottom:var(--wp--preset--spacing--xs)\">Welcome to the Jindrak shop on Krankenhausstra\u00dfe!<\/h2>\n\n\n\n<p class=\"has-text-align-center\">True to its name, Krankenhausstra\u00dfe is located in Linz\u2019s hospital district.\nBut it\u2019s not only the modern buildings of the Kepler University Hospital, the city\u2019s leading medical centre, that shape this district.\nThe streetscape is characterised by historic facades and buildings from the interwar and post-war periods.\nFrom Krankenhausstra\u00dfe, it\u2019s just a stone\u2019s throw to the <a href=\"https:\/\/www.linzertorte.at\/en\/our-shops-opening-hours\/suedbahnhofmarkt\/\" data-type=\"page\" data-id=\"1991\">S\u00fcdbahnhofmarkt <\/a>\u2013 a favourite market among the people of Linz.   <\/p>\n<\/div>\n\n\n\n<div class=\"wp-block-group is-layout-constrained wp-block-group-is-layout-constrained\">\n<div class=\"wp-block-media-text has-media-on-the-right is-stacked-on-mobile is-vertically-aligned-center\" style=\"margin-top:0;margin-bottom:var(--wp--preset--spacing--m);grid-template-columns:auto 56%\"><div class=\"wp-block-media-text__content\">\n<h2 class=\"wp-block-heading has-text-align-center is-style-h3 has-primary-rot-color has-text-color has-link-color wp-elements-5ba0cc3d7218cb09b3be2eb74626afeb\" style=\"margin-bottom:var(--wp--preset--spacing--xs)\">Shop infos &amp; opening hours at Jindrak Krankenhausstra\u00dfe<\/h2>\n\n\n\n<p class=\"has-text-align-center\">contact:<br>Eisenhandstra\u00dfe\/Krankenhausstra\u00dfe 1, 4020 Linz<br>0732 77 92 58 49<br>E-Mail: jindrak@linzertorte.at<\/p>\n\n\n\n<p class=\"has-text-align-center\">Opening Hours:<br>Monday \u2013 Friday: 9:00 AM \u2013 5:00 PM<\/p>\n\n\n\n<p class=\"has-text-align-center\">The Gruberstra\u00dfe bus stop (lines 12, 25, 45 and 46) is located nearby.<\/p>\n<\/div><figure class=\"wp-block-media-text__media\"><img decoding=\"async\" width=\"1024\" height=\"479\" src=\"https:\/\/www.linzertorte.at\/app\/uploads\/2025\/10\/KR-aussen-1024x479.jpg\" alt=\"\" class=\"wp-image-3617 size-full\" srcset=\"https:\/\/www.linzertorte.at\/app\/uploads\/2025\/10\/KR-aussen-1024x479.jpg 1024w, https:\/\/www.linzertorte.at\/app\/uploads\/2025\/10\/KR-aussen-scaled-600x280.jpg 600w, https:\/\/www.linzertorte.at\/app\/uploads\/2025\/10\/KR-aussen-300x140.jpg 300w, https:\/\/www.linzertorte.at\/app\/uploads\/2025\/10\/KR-aussen-768x359.jpg 768w, https:\/\/www.linzertorte.at\/app\/uploads\/2025\/10\/KR-aussen-1536x718.jpg 1536w, https:\/\/www.linzertorte.at\/app\/uploads\/2025\/10\/KR-aussen-2048x957.jpg 2048w\" sizes=\"(max-width: 1024px) 100vw, 1024px\" \/><\/figure><\/div>\n<\/div>\n\n\n\n<div class=\"wp-block-group is-style-backgroundImage is-layout-constrained wp-block-group-is-layout-constrained\" style=\"margin-bottom:var(--wp--preset--spacing--none);padding-bottom:0\">\n<h2 class=\"wp-block-heading has-text-align-center is-style-title-icon has-primary-rot-color has-text-color has-link-color wp-elements-3530f75b9c058990a240c4e74b6575ab\" style=\"margin-bottom:var(--wp--preset--spacing--xs)\">Jindrak Shop on Krankenhausstra\u00dfe<\/h2>\n\n\n\n<p class=\"has-text-align-center\">In 2015, the premises of the Jindrak shop on Krankenhausstra\u00dfe were completely renovated.<br>Large glass facades offer a clear view of the lively street, while the sales and caf\u00e9 areas now appear bright, spacious, and welcoming. Guests love to stop by for a short break after shopping at the S\u00fcdbahnhofmarkt or to enjoy a coffee after visiting the nearby hospital district. For hospital visits, you\u2019ll also find a wide selection of sweet gifts and get-well treats \u2013 perfect for bringing a little joy and comfort.<br>    <\/p>\n\n\n\n<div class=\"wp-block-media-text is-stacked-on-mobile is-vertically-aligned-center\" style=\"grid-template-columns:44% auto\"><figure class=\"wp-block-media-text__media\"><img decoding=\"async\" width=\"1000\" height=\"785\" src=\"https:\/\/www.linzertorte.at\/app\/uploads\/2025\/08\/krankenhausstrasse-filiale-innen.jpg\" alt=\"\" class=\"wp-image-3040 size-full\" srcset=\"https:\/\/www.linzertorte.at\/app\/uploads\/2025\/08\/krankenhausstrasse-filiale-innen.jpg 1000w, https:\/\/www.linzertorte.at\/app\/uploads\/2025\/08\/krankenhausstrasse-filiale-innen-600x471.jpg 600w, https:\/\/www.linzertorte.at\/app\/uploads\/2025\/08\/krankenhausstrasse-filiale-innen-300x236.jpg 300w, https:\/\/www.linzertorte.at\/app\/uploads\/2025\/08\/krankenhausstrasse-filiale-innen-768x603.jpg 768w\" sizes=\"(max-width: 1000px) 100vw, 1000px\" \/><\/figure><div class=\"wp-block-media-text__content\">\n<h2 class=\"wp-block-heading has-text-align-left is-style-default has-primary-rot-color has-text-color has-link-color wp-elements-e4efec9ea257b706c3a526349c3dfad5\">Enjoy all year round \u2013 indoors and outdoors.<\/h2>\n\n\n\n<p class=\"has-text-align-left\">Whether in sunshine or snowfall \u2013 you\u2019re always in good hands with us. During the warmer months, our cosy garden terrace invites you to linger: Shaded spots along Eisenhandstra\u00dfe and Krankenhausstra\u00dfe provide the perfect setting for a coffee with pastry or a refreshing drink. <\/p>\n\n\n\n<p class=\"has-text-align-left\">And when it gets cooler outside, our air-conditioned indoor area ensures pleasant temperatures \u2013 in summer and in winter alike. Make yourself comfortable and enjoy Jindrak\u2019s specialties in a relaxed atmosphere \u2013 no matter the season. <\/p>\n<\/div><\/div>\n<\/div>\n\n\n\n<div class=\"wp-block-group is-style-default has-gelb-bg-2-background-color has-background is-layout-constrained wp-block-group-is-layout-constrained\">\n<h3 class=\"wp-block-heading has-text-align-center is-style-h3 has-primary-rot-color has-text-color has-link-color wp-elements-dfa7b5a35f85b2f2ddf03a68f19f1e03\">St\u00f6bern Sie schon jetzt in unserer Getr\u00e4nkekarte<\/h3>\n\n\n\n<div class=\"wp-block-buttons is-content-justification-center is-layout-flex wp-container-core-buttons-is-layout-16018d1d wp-block-buttons-is-layout-flex\">\n<div class=\"wp-block-button\"><a class=\"wp-block-button__link wp-element-button\" href=\"https:\/\/www.linzertorte.at\/app\/uploads\/2025\/09\/Digitale_Karte_PC_LC_URF_Suedi.pdf\">Aktuelle Karte<\/a><\/div>\n<\/div>\n<\/div>\n","protected":false},"excerpt":{"rendered":"<p>Welcome to the Jindrak shop on Krankenhausstra\u00dfe! True to its name, Krankenhausstra\u00dfe is located in Linz\u2019s hospital district. But it\u2019s not only the modern buildings of the Kepler University Hospital, the city\u2019s leading medical centre, that shape this district. The streetscape is characterised by historic facades and buildings from the interwar and post-war periods. From &hellip; <a href=\"https:\/\/www.linzertorte.at\/en\/our-shops-opening-hours\/krankenhausstrasse\/\">Continued<\/a><\/p>\n","protected":false},"author":2,"featured_media":0,"parent":3843,"menu_order":0,"comment_status":"closed","ping_status":"closed","template":"","meta":{"_acf_changed":false,"footnotes":""},"class_list":["post-3863","page","type-page","status-publish","hentry"],"acf":[],"_links":{"self":[{"href":"https:\/\/www.linzertorte.at\/en\/wp-json\/wp\/v2\/pages\/3863","targetHints":{"allow":["GET"]}}],"collection":[{"href":"https:\/\/www.linzertorte.at\/en\/wp-json\/wp\/v2\/pages"}],"about":[{"href":"https:\/\/www.linzertorte.at\/en\/wp-json\/wp\/v2\/types\/page"}],"author":[{"embeddable":true,"href":"https:\/\/www.linzertorte.at\/en\/wp-json\/wp\/v2\/users\/2"}],"replies":[{"embeddable":true,"href":"https:\/\/www.linzertorte.at\/en\/wp-json\/wp\/v2\/comments?post=3863"}],"version-history":[{"count":6,"href":"https:\/\/www.linzertorte.at\/en\/wp-json\/wp\/v2\/pages\/3863\/revisions"}],"predecessor-version":[{"id":5685,"href":"https:\/\/www.linzertorte.at\/en\/wp-json\/wp\/v2\/pages\/3863\/revisions\/5685"}],"up":[{"embeddable":true,"href":"https:\/\/www.linzertorte.at\/en\/wp-json\/wp\/v2\/pages\/3843"}],"wp:attachment":[{"href":"https:\/\/www.linzertorte.at\/en\/wp-json\/wp\/v2\/media?parent=3863"}],"curies":[{"name":"wp","href":"https:\/\/api.w.org\/{rel}","templated":true}]}}