{"id":3861,"date":"2025-07-22T16:03:56","date_gmt":"2025-07-22T14:03:56","guid":{"rendered":"https:\/\/www.linzertorte.at\/our-shops-opening-hours\/herrenstrasse\/"},"modified":"2025-11-17T15:30:31","modified_gmt":"2025-11-17T14:30:31","slug":"herrenstrasse","status":"publish","type":"page","link":"https:\/\/www.linzertorte.at\/en\/our-shops-opening-hours\/herrenstrasse\/","title":{"rendered":"Herrenstra\u00dfe"},"content":{"rendered":"<div class=\"header \">\n\t<div class=\"backgroundImage\"><\/div>\n<div class=\"header-block-inner\">\n\n\n\t<div class=\"leftImage\">\n\t\t<img decoding=\"async\" width=\"2560\" height=\"1589\" src=\"https:\/\/www.linzertorte.at\/app\/uploads\/2025\/08\/konditorei-jindrak-cafe-scaled.png\" class=\"attachment-full size-full\" alt=\"Konditorei Jindrak Cafe\" srcset=\"https:\/\/www.linzertorte.at\/app\/uploads\/2025\/08\/konditorei-jindrak-cafe-scaled.png 2560w, https:\/\/www.linzertorte.at\/app\/uploads\/2025\/08\/konditorei-jindrak-cafe-scaled-600x372.png 600w, https:\/\/www.linzertorte.at\/app\/uploads\/2025\/08\/konditorei-jindrak-cafe-300x186.png 300w, https:\/\/www.linzertorte.at\/app\/uploads\/2025\/08\/konditorei-jindrak-cafe-1024x636.png 1024w, https:\/\/www.linzertorte.at\/app\/uploads\/2025\/08\/konditorei-jindrak-cafe-768x477.png 768w, https:\/\/www.linzertorte.at\/app\/uploads\/2025\/08\/konditorei-jindrak-cafe-1536x953.png 1536w, https:\/\/www.linzertorte.at\/app\/uploads\/2025\/08\/konditorei-jindrak-cafe-2048x1271.png 2048w\" sizes=\"(max-width: 2560px) 100vw, 2560px\" \/>\n\t<\/div>\n\t<div class=\"content\">\n\t\t<div class=\"text\">\n\n\n\n\t\t\t<div class=\"title\"><h1 class=\"hd\">Stammhaus Herrenstra\u00dfe<\/h1>\n<\/div>\n\n\n\t\t\t<div class=\"description\"><\/div>\n\t\t\t\t\t\t<div class=\"buttons\">\n\t\t\t\t\t\t\t\t\t\t\t<\/div>\n\t\t<\/div>\n\n\t<\/div>\n\n\t<div class=\"downImg\">\n\t\t<img decoding=\"async\" width=\"1000\" height=\"400\" src=\"https:\/\/www.linzertorte.at\/app\/uploads\/2025\/07\/kaffeebohnen.webp\" class=\"attachment-full size-full\" alt=\"Kaffeebohnen\" srcset=\"https:\/\/www.linzertorte.at\/app\/uploads\/2025\/07\/kaffeebohnen.webp 1000w, https:\/\/www.linzertorte.at\/app\/uploads\/2025\/07\/kaffeebohnen-600x240.webp 600w, https:\/\/www.linzertorte.at\/app\/uploads\/2025\/07\/kaffeebohnen-300x120.webp 300w, https:\/\/www.linzertorte.at\/app\/uploads\/2025\/07\/kaffeebohnen-768x307.webp 768w\" sizes=\"(max-width: 1000px) 100vw, 1000px\" \/>\n\t<\/div>\n<\/div>\n<\/div>\n\n\n<div class=\"wp-block-group is-layout-constrained wp-block-group-is-layout-constrained\" style=\"margin-top:var(--wp--preset--spacing--xl);margin-bottom:var(--wp--preset--spacing--xl)\">\n<h2 class=\"wp-block-heading has-text-align-center is-style-title-icon has-primary-rot-color has-text-color has-link-color wp-elements-e78f338f86e6b2d24d48e6cc275b0b02\" style=\"margin-bottom:var(--wp--preset--spacing--xs)\">Welcome to your Jindrak shop on Herrenstra\u00dfe!<\/h2>\n\n\n\n<p class=\"has-text-align-center\">The Linz Herrenstra\u00dfe, stretching from the Promenade opposite the Landhaus past the New Cathedral (Mariendom) to Auerspergplatz, is one of the most beautiful streets in our city. Away from the hustle and bustle of the Landstra\u00dfe, the Herrenstra\u00dfe with its small shops and caf\u00e9s is a beloved oasis of calm in the heart of Linz. Learn more about our Herrenstra\u00dfe location \u2013 featuring a confectionery, caf\u00e9, and art caf\u00e9 \u2013 as well as our opening hours and the wide range of Jindrak specialties we offer.<\/p>\n<\/div>\n\n\n\n<div class=\"wp-block-group is-layout-constrained wp-block-group-is-layout-constrained\">\n<div class=\"wp-block-media-text has-media-on-the-right is-stacked-on-mobile is-vertically-aligned-center\" style=\"margin-top:0;margin-bottom:var(--wp--preset--spacing--m)\"><div class=\"wp-block-media-text__content\">\n<h2 class=\"wp-block-heading has-text-align-center is-style-h3 has-primary-rot-color has-text-color has-link-color wp-elements-73136e09d1ba07da3b26eba239669aa9\" style=\"margin-bottom:var(--wp--preset--spacing--xs)\">Find us on Herrenstra\u00dfe \u2013 Address &amp; Opening Hours<\/h2>\n\n\n\n<p class=\"has-text-align-center\">contact:<br>Herrenstra\u00dfe 22-24, 4020 Linz<br>0732 779258<br>E-Mail: jindrak@linzertorte.at<\/p>\n\n\n\n<p class=\"has-text-align-center\">Opening Hours:<br>Monday \u2013 Saturday: 8:30 AM \u2013 6:00 PM<br>Sundays &amp; public holidays: 9:00 AM \u2013 6:00 PM (Caf\u00e9 area: 10:00 AM \u2013 5:00 PM)<\/p>\n\n\n\n<p class=\"has-text-align-center\">Public Transport:<br>Tram stops (lines 1, 2, 3 and 4): Mozartkreuzung or Taubenmarkt<br>Bus stop (lines 45 and 46): Mariendom <\/p>\n<\/div><figure class=\"wp-block-media-text__media\"><img decoding=\"async\" width=\"1000\" height=\"1021\" src=\"https:\/\/www.linzertorte.at\/app\/uploads\/2025\/08\/herrenstrasse-filiale.jpg\" alt=\"\" class=\"wp-image-3036 size-full\" srcset=\"https:\/\/www.linzertorte.at\/app\/uploads\/2025\/08\/herrenstrasse-filiale.jpg 1000w, https:\/\/www.linzertorte.at\/app\/uploads\/2025\/08\/herrenstrasse-filiale-600x613.jpg 600w, https:\/\/www.linzertorte.at\/app\/uploads\/2025\/08\/herrenstrasse-filiale-294x300.jpg 294w, https:\/\/www.linzertorte.at\/app\/uploads\/2025\/08\/herrenstrasse-filiale-768x784.jpg 768w\" sizes=\"(max-width: 1000px) 100vw, 1000px\" \/><\/figure><\/div>\n<\/div>\n\n\n\n<div class=\"wp-block-group is-style-backgroundImage is-layout-constrained wp-block-group-is-layout-constrained\" style=\"padding-top:var(--wp--preset--spacing--none);padding-bottom:var(--wp--preset--spacing--none)\">\n<div style=\"height:100px\" aria-hidden=\"true\" class=\"wp-block-spacer\"><\/div>\n\n\n\n<h2 class=\"wp-block-heading has-text-align-center is-style-title-icon has-primary-rot-color has-text-color has-link-color wp-elements-f880148746112ce19a581577e9c79628\" style=\"margin-bottom:var(--wp--preset--spacing--xs)\">Herrenstra\u00dfe is where the Jindrak story began!<\/h2>\n\n\n\n<p class=\"has-text-align-center\">Kommerzialrat Leo Jindrak I, grandfather of today\u2019s company owner Leo Jindrak III, opened the first Jindrak confectionery on Herrenstra\u00dfe in 1929.<br>In 1971, his son Leo Jindrak II took over the business, renovated the caf\u00e9s, and opened Jindrak Pikant, which remains popular today for its savory sandwiches and tasty lunch menus.<br>Today, on Herrenstra\u00dfe, you\u2019ll find a confectionery, a traditional coffeehouse on the first floor, and the modern Jindrak Art Caf\u00e9 \u2013 each offering a unique experience of Austrian craftsmanship and indulgence.<\/p>\n\n\n\n<p class=\"has-text-align-center\">At the Jindrak confectionery on Herrenstra\u00dfe, you\u2019ll find not only our most famous creation \u2013 the Original Linzer Torte \u2013 but also a wide variety of homemade specialties crafted with care and tradition. Artfully crafted cakes, slices, strudels, pastries, and pralines are waiting to be discovered. You\u2019ll also find inspiration for exquisite gift ideas in our confectionery. Our staff will be happy to assist you and carefully pack your pastries for safe transport and enjoyment at home.<\/p>\n\n\n\n<div style=\"height:50px\" aria-hidden=\"true\" class=\"wp-block-spacer\"><\/div>\n\n\n\n<div class=\"wp-block-media-text is-stacked-on-mobile is-vertically-aligned-center\"><figure class=\"wp-block-media-text__media\"><img decoding=\"async\" width=\"1000\" height=\"1000\" src=\"https:\/\/www.linzertorte.at\/app\/uploads\/2025\/08\/herrenstrasse-verkauf.jpg\" alt=\"\" class=\"wp-image-3037 size-full\" srcset=\"https:\/\/www.linzertorte.at\/app\/uploads\/2025\/08\/herrenstrasse-verkauf.jpg 1000w, https:\/\/www.linzertorte.at\/app\/uploads\/2025\/08\/herrenstrasse-verkauf-300x300.jpg 300w, https:\/\/www.linzertorte.at\/app\/uploads\/2025\/08\/herrenstrasse-verkauf-100x100.jpg 100w, https:\/\/www.linzertorte.at\/app\/uploads\/2025\/08\/herrenstrasse-verkauf-600x600.jpg 600w, https:\/\/www.linzertorte.at\/app\/uploads\/2025\/08\/herrenstrasse-verkauf-150x150.jpg 150w, https:\/\/www.linzertorte.at\/app\/uploads\/2025\/08\/herrenstrasse-verkauf-768x768.jpg 768w, https:\/\/www.linzertorte.at\/app\/uploads\/2025\/08\/herrenstrasse-verkauf-460x460.jpg 460w\" sizes=\"(max-width: 1000px) 100vw, 1000px\" \/><\/figure><div class=\"wp-block-media-text__content\">\n<p class=\"has-text-align-left\">Das <strong>Jindrak-Caf\u00e9 in der Herrenstra\u00dfe<\/strong> ist eine hervorragende Adresse, um abseits der Hektik des Alltags in ein St\u00fcck \u00f6sterreichische Kaffeehauskultur einzutauchen. The Jindrak Caf\u00e9 on Herrenstra\u00dfe is the perfect place to escape the hustle and bustle of everyday life and immerse yourself in a piece of authentic Austrian coffeehouse culture. Enjoy one of our homemade pastries, read the newspaper, or simply delight in a conversation with a friend.<\/p>\n\n\n\n<p class=\"has-text-align-left\">Bright and modern, our Art Caf\u00e9 is located right next to the confectionery on Herrenstra\u00dfe. A popular meeting spot during a stroll through the city. Combine culinary pleasure with a touch of culture. Works from the Linz art scene are regularly exhibited at the Jindrak Art Caf\u00e9.<\/p>\n<\/div><\/div>\n<\/div>\n\n\n\n<div class=\"wp-block-group is-style-default has-gelb-bg-2-background-color has-background is-layout-constrained wp-block-group-is-layout-constrained\">\n<h2 class=\"wp-block-heading has-text-align-center is-style-title-icon has-primary-rot-color has-text-color has-link-color wp-elements-dba2f5ed53283700946b74b12dd72be5\">Food &amp; Drinks at Jindrak on Herrenstra\u00dfe<\/h2>\n\n\n\n<p class=\"has-text-align-center\">In addition to an extensive selection of homemade cakes and pastries, we spoil you from Monday to Friday with delicious soups, light salads, our famous sandwiches and rolls, as well as warm dishes such as toasts and egg specialties.<\/p>\n\n\n\n<h3 class=\"wp-block-heading has-text-align-center is-style-h3 has-primary-rot-color has-text-color has-link-color wp-elements-869ea6639e44d0ec18c025be9b747a56\" style=\"margin-top:var(--wp--preset--spacing--s)\">Browse and indulge in our selection!<\/h3>\n\n\n\n<div class=\"wp-block-buttons is-content-justification-center is-layout-flex wp-container-core-buttons-is-layout-16018d1d wp-block-buttons-is-layout-flex\">\n<div class=\"wp-block-button\"><a class=\"wp-block-button__link wp-element-button\" href=\"https:\/\/www.linzertorte.at\/app\/uploads\/2025\/09\/Digitale_Karte_HE.pdf\" target=\"_blank\" rel=\"noreferrer noopener\">Current Menu<\/a><\/div>\n<\/div>\n<\/div>\n","protected":false},"excerpt":{"rendered":"<p>Welcome to your Jindrak shop on Herrenstra\u00dfe! The Linz Herrenstra\u00dfe, stretching from the Promenade opposite the Landhaus past the New Cathedral (Mariendom) to Auerspergplatz, is one of the most beautiful streets in our city. Away from the hustle and bustle of the Landstra\u00dfe, the Herrenstra\u00dfe with its small shops and caf\u00e9s is a beloved oasis &hellip; <a href=\"https:\/\/www.linzertorte.at\/en\/our-shops-opening-hours\/herrenstrasse\/\">Continued<\/a><\/p>\n","protected":false},"author":2,"featured_media":0,"parent":3843,"menu_order":0,"comment_status":"closed","ping_status":"closed","template":"","meta":{"_acf_changed":false,"footnotes":""},"class_list":["post-3861","page","type-page","status-publish","hentry"],"acf":[],"_links":{"self":[{"href":"https:\/\/www.linzertorte.at\/en\/wp-json\/wp\/v2\/pages\/3861","targetHints":{"allow":["GET"]}}],"collection":[{"href":"https:\/\/www.linzertorte.at\/en\/wp-json\/wp\/v2\/pages"}],"about":[{"href":"https:\/\/www.linzertorte.at\/en\/wp-json\/wp\/v2\/types\/page"}],"author":[{"embeddable":true,"href":"https:\/\/www.linzertorte.at\/en\/wp-json\/wp\/v2\/users\/2"}],"replies":[{"embeddable":true,"href":"https:\/\/www.linzertorte.at\/en\/wp-json\/wp\/v2\/comments?post=3861"}],"version-history":[{"count":6,"href":"https:\/\/www.linzertorte.at\/en\/wp-json\/wp\/v2\/pages\/3861\/revisions"}],"predecessor-version":[{"id":5673,"href":"https:\/\/www.linzertorte.at\/en\/wp-json\/wp\/v2\/pages\/3861\/revisions\/5673"}],"up":[{"embeddable":true,"href":"https:\/\/www.linzertorte.at\/en\/wp-json\/wp\/v2\/pages\/3843"}],"wp:attachment":[{"href":"https:\/\/www.linzertorte.at\/en\/wp-json\/wp\/v2\/media?parent=3861"}],"curies":[{"name":"wp","href":"https:\/\/api.w.org\/{rel}","templated":true}]}}