{"id":3791,"date":"2025-04-23T11:29:20","date_gmt":"2025-04-23T09:29:20","guid":{"rendered":"https:\/\/www.linzertorte.at\/jindrak-family-confectioneryfamily-business-jindrak\/"},"modified":"2025-11-26T14:10:28","modified_gmt":"2025-11-26T13:10:28","slug":"jindrak-family-confectionery","status":"publish","type":"page","link":"https:\/\/www.linzertorte.at\/en\/jindrak-family-confectionery\/","title":{"rendered":"Jindrak Family Confectionery"},"content":{"rendered":"<div class=\"header \">\n\t<div class=\"backgroundImage\"><\/div>\n<div class=\"header-block-inner\">\n\n\n\t<div class=\"leftImage\">\n\t\t<img decoding=\"async\" width=\"924\" height=\"623\" src=\"https:\/\/www.linzertorte.at\/app\/uploads\/2025\/09\/kategoriebild-linzer-torte.png\" class=\"attachment-full size-full\" alt=\"Linzer Torte\" srcset=\"https:\/\/www.linzertorte.at\/app\/uploads\/2025\/09\/kategoriebild-linzer-torte.png 924w, https:\/\/www.linzertorte.at\/app\/uploads\/2025\/09\/kategoriebild-linzer-torte-600x405.png 600w, https:\/\/www.linzertorte.at\/app\/uploads\/2025\/09\/kategoriebild-linzer-torte-300x202.png 300w, https:\/\/www.linzertorte.at\/app\/uploads\/2025\/09\/kategoriebild-linzer-torte-768x518.png 768w\" sizes=\"(max-width: 924px) 100vw, 924px\" \/>\n\t<\/div>\n\t<div class=\"content\">\n\t\t<div class=\"text\">\n\n\n\n\t\t\t<div class=\"title\"><h1>Jindrak Family Confectionery<\/h1>\n<\/div>\n\n\n\t\t\t<div class=\"description\"><\/div>\n\t\t\t\t\t\t<div class=\"buttons\">\n\t\t\t\t\t\t\t\t\t<a href=\" https:\/\/www.linzertorte.at\/en\/jindrak-family-confectionery\/handshake-quality\/\" class=\"redButton\">Traditonal handcrafts\n\t\t\t\t\t\t<svg xmlns=\"http:\/\/www.w3.org\/2000\/svg\" width=\"17\" height=\"16\" viewBox=\"0 0 17 16\" fill=\"none\">\n\t\t\t\t\t\t\t<mask id=\"mask0_604_17\" style=\"mask-type:luminance\" maskUnits=\"userSpaceOnUse\" x=\"0\" y=\"0\" width=\"17\" height=\"16\">\n\t\t\t\t\t\t\t\t<path d=\"M16.5 0H0.5V16H16.5V0Z\" fill=\"white\"\/>\n\t\t\t\t\t\t\t<\/mask>\n\t\t\t\t\t\t\t<g mask=\"url(#mask0_604_17)\">\n\t\t\t\t\t\t\t\t<path d=\"M12.04 5.33331L14.6667 7.99998L12.04 10.6666\" stroke=\"white\" stroke-linecap=\"round\" stroke-linejoin=\"round\"\/>\n\t\t\t\t\t\t\t\t<path d=\"M14.6266 8H2.33325\" stroke=\"white\" stroke-linecap=\"round\" stroke-linejoin=\"round\"\/>\n\t\t\t\t\t\t\t<\/g>\n\t\t\t\t\t\t<\/svg>\n\t\t\t\t\t<\/a>\n\t\t\t\t\t\t\t\t\t\t\t<\/div>\n\t\t<\/div>\n\n\t<\/div>\n\n\t<div class=\"downImg\">\n\t\t<img decoding=\"async\" width=\"1000\" height=\"400\" src=\"https:\/\/www.linzertorte.at\/app\/uploads\/2025\/07\/ribisel-johannisbeeren.webp\" class=\"attachment-full size-full\" alt=\"Ribisel Johannisbeeren\" srcset=\"https:\/\/www.linzertorte.at\/app\/uploads\/2025\/07\/ribisel-johannisbeeren.webp 1000w, https:\/\/www.linzertorte.at\/app\/uploads\/2025\/07\/ribisel-johannisbeeren-600x240.webp 600w, https:\/\/www.linzertorte.at\/app\/uploads\/2025\/07\/ribisel-johannisbeeren-300x120.webp 300w, https:\/\/www.linzertorte.at\/app\/uploads\/2025\/07\/ribisel-johannisbeeren-768x307.webp 768w\" sizes=\"(max-width: 1000px) 100vw, 1000px\" \/>\n\t<\/div>\n<\/div>\n<\/div>\n\n\n<div class=\"wp-block-group is-layout-constrained wp-block-group-is-layout-constrained\" style=\"margin-top:var(--wp--preset--spacing--xl);margin-bottom:var(--wp--preset--spacing--xl)\">\n<div class=\"wp-block-media-text is-stacked-on-mobile\"><figure class=\"wp-block-media-text__media\"><img decoding=\"async\" width=\"1024\" height=\"879\" src=\"https:\/\/www.linzertorte.at\/app\/uploads\/2025\/09\/cityfoto_download_1_20230615TBP_3337-scaled-e1758276932965-1024x879.jpg\" alt=\"\" class=\"wp-image-3507 size-full\" srcset=\"https:\/\/www.linzertorte.at\/app\/uploads\/2025\/09\/cityfoto_download_1_20230615TBP_3337-scaled-e1758276932965-1024x879.jpg 1024w, https:\/\/www.linzertorte.at\/app\/uploads\/2025\/09\/cityfoto_download_1_20230615TBP_3337-scaled-e1758276932965-600x515.jpg 600w, https:\/\/www.linzertorte.at\/app\/uploads\/2025\/09\/cityfoto_download_1_20230615TBP_3337-scaled-e1758276932965-300x258.jpg 300w, https:\/\/www.linzertorte.at\/app\/uploads\/2025\/09\/cityfoto_download_1_20230615TBP_3337-scaled-e1758276932965-768x659.jpg 768w, https:\/\/www.linzertorte.at\/app\/uploads\/2025\/09\/cityfoto_download_1_20230615TBP_3337-scaled-e1758276932965-1536x1319.jpg 1536w, https:\/\/www.linzertorte.at\/app\/uploads\/2025\/09\/cityfoto_download_1_20230615TBP_3337-scaled-e1758276932965.jpg 1840w\" sizes=\"(max-width: 1024px) 100vw, 1024px\" \/><\/figure><div class=\"wp-block-media-text__content\">\n<h2 class=\"wp-block-heading has-text-align-left is-style-h2 has-primary-rot-color has-text-color has-link-color wp-elements-afe4544ab28da892213bd4b6654163ba\">Jindrak Family ConfectioneryFamily business Jindrak<\/h2>\n\n\n\n<p class=\"has-text-align-left\">The house of Jindrak has a long tradition. In 1929 my grandfather Kommerzialrat Leo Jindrak I. opened up the first cake shop at 22, Herrenstra\u00dfe. He employed two shop assistants and three pastry cooks. In 1971 my father Leo Jindrak II. took charge of the firm and he had both caf\u00e9s redecorated. Two years later he opened up our &#8220;Pikant&#8221; ,our first caf\u00e9 at S\u00fcdbahnhofmarkt and one year later our second branch at Urfahr. <\/p>\n\n\n\n<p class=\"has-text-align-left\">In 1985 the size of our bakehouse was doubled. In 1986 my father Innungsmeister Leo II died and my mom and I, Leo III. took charge of the firm together. I have been running the business on my own since 1997.  <\/p>\n\n\n\n<p class=\"has-text-align-left\">In 2007 I acquired the confectionary &#8220;Wrann&#8221; and in 2009 I merged into my company.<\/p>\n<\/div><\/div>\n<\/div>\n\n\n\n<div class=\"wp-block-group is-layout-constrained wp-block-group-is-layout-constrained\">\n<div class=\"wp-block-media-text has-media-on-the-right is-stacked-on-mobile is-vertically-aligned-center\" style=\"margin-top:0\"><div class=\"wp-block-media-text__content\">\n<h2 class=\"wp-block-heading has-text-align-left is-style-h2 has-primary-rot-color has-text-color has-link-color wp-elements-d294101f9fd04814dcadca0cc8c90bed\">Today my firm has got 140 employees , among them 10 apprentices.<\/h2>\n\n\n\n<p class=\"has-text-align-left\">But just as in the days of Leo Jindrak I in 1929, our cakes and pastries are still baked according to traditional recipes. We never freeze our products; instead, they are made fresh every day for true lovers of Austrian confectionery.<br>Only the finest ingredients are used \u2013 quality you can truly taste.   <\/p>\n\n\n\n<p class=\"has-text-align-left\">Jindrak remains a family-owned confectionery, with the next generation already preparing to carry on the tradition.<br>In 2016, Leo Jindrak IV successfully completed his master confectioner\u2019s examination and is already an active part of the company today.<\/p>\n\n\n\n<div class=\"wp-block-buttons is-content-justification-left is-layout-flex wp-container-core-buttons-is-layout-fdcfc74e wp-block-buttons-is-layout-flex\">\n<div class=\"wp-block-button\"><a class=\"wp-block-button__link wp-element-button\" href=\"https:\/\/www.linzertorte.at\/ueber-uns\/handschlag-qualitaet\/\">Handshake Quality<\/a><\/div>\n<\/div>\n<\/div><figure class=\"wp-block-media-text__media\"><img decoding=\"async\" width=\"1000\" height=\"1000\" src=\"https:\/\/www.linzertorte.at\/app\/uploads\/2025\/07\/lehre-bei-jindrak.webp\" alt=\"apprenticeship at Jindrak\" class=\"wp-image-2079 size-full\" srcset=\"https:\/\/www.linzertorte.at\/app\/uploads\/2025\/07\/lehre-bei-jindrak.webp 1000w, https:\/\/www.linzertorte.at\/app\/uploads\/2025\/07\/lehre-bei-jindrak-300x300.webp 300w, https:\/\/www.linzertorte.at\/app\/uploads\/2025\/07\/lehre-bei-jindrak-100x100.webp 100w, https:\/\/www.linzertorte.at\/app\/uploads\/2025\/07\/lehre-bei-jindrak-600x600.webp 600w, https:\/\/www.linzertorte.at\/app\/uploads\/2025\/07\/lehre-bei-jindrak-150x150.webp 150w, https:\/\/www.linzertorte.at\/app\/uploads\/2025\/07\/lehre-bei-jindrak-768x768.webp 768w, https:\/\/www.linzertorte.at\/app\/uploads\/2025\/07\/lehre-bei-jindrak-460x460.webp 460w\" sizes=\"(max-width: 1000px) 100vw, 1000px\" \/><\/figure><\/div>\n<\/div>\n\n\n\n<div class=\"wp-block-cover\" style=\"margin-bottom:var(--wp--preset--spacing--none)\"><img decoding=\"async\" width=\"1000\" height=\"1000\" class=\"wp-block-cover__image-background wp-image-2098 size-full\" alt=\"Verk\u00e4uferin Linz\" src=\"https:\/\/www.linzertorte.at\/app\/uploads\/2025\/07\/verkaeuferin-linz.webp\" data-object-fit=\"cover\" srcset=\"https:\/\/www.linzertorte.at\/app\/uploads\/2025\/07\/verkaeuferin-linz.webp 1000w, https:\/\/www.linzertorte.at\/app\/uploads\/2025\/07\/verkaeuferin-linz-300x300.webp 300w, https:\/\/www.linzertorte.at\/app\/uploads\/2025\/07\/verkaeuferin-linz-100x100.webp 100w, https:\/\/www.linzertorte.at\/app\/uploads\/2025\/07\/verkaeuferin-linz-600x600.webp 600w, https:\/\/www.linzertorte.at\/app\/uploads\/2025\/07\/verkaeuferin-linz-150x150.webp 150w, https:\/\/www.linzertorte.at\/app\/uploads\/2025\/07\/verkaeuferin-linz-768x768.webp 768w, https:\/\/www.linzertorte.at\/app\/uploads\/2025\/07\/verkaeuferin-linz-460x460.webp 460w\" sizes=\"(max-width: 1000px) 100vw, 1000px\" \/><span aria-hidden=\"true\" class=\"wp-block-cover__background has-schwarz-background-color has-background-dim\"><\/span><div class=\"wp-block-cover__inner-container is-layout-constrained wp-block-cover-is-layout-constrained\">\n<h4 class=\"wp-block-heading has-text-align-center is-style-h3 has-white-color has-text-color has-link-color wp-elements-c3b94d9af2f53162d046f0bbec756dc1\" style=\"margin-bottom:var(--wp--preset--spacing--s)\">Our company\u2019s success is built on the trust our customers place in the uncompromising quality of our products and services.<\/h4>\n\n\n\n<p class=\"has-text-align-center has-white-color has-text-color has-link-color wp-elements-ba3ac1eff49177e6811467d4cde757a4\" style=\"margin-top:var(--wp--preset--spacing--s)\">&#8211; Master pastry chef Leo Jindrak<\/p>\n<\/div><\/div>\n\n\n\n<div class=\"wp-block-group is-style-backgroundImage is-layout-constrained wp-block-group-is-layout-constrained\">\n<h2 class=\"wp-block-heading has-text-align-center is-style-title-icon has-primary-rot-color has-text-color has-link-color wp-elements-6f875c3ce9ebbc29be69d945c3ae84e1\">Mission Statement<\/h2>\n\n\n\n<p class=\"has-text-align-center\">High-quality, natural ingredients \u2013 sourced from Austria whenever possible \u2013 form the foundation of our creations.<br>We never use frozen products; every pastry is freshly prepared each day according to traditional recipes, following strict quality standards and crafted with true confectionery expertise.<br>This commitment stands behind our slogan: \u201cJindrak sweetens life.\u201d<br>For almost a century, this guiding principle has inspired trust in the quality of our products and services.<br>Every member of our team plays a vital role in our success. Team spirit is at the heart of what we do \u2013 lived with joy, enthusiasm, and mutual respect.<br>We treat one another, as well as our customers and guests, with kindness, fairness, and genuine appreciation.<br>Helping and supporting each other is a matter of course. <\/p>\n\n\n\n<p class=\"has-text-align-center\">Our leadership is based on trust and leading by example.<br>We place great value on continuous training and education, especially in the development of our apprentices.<\/p>\n\n\n\n<p class=\"has-text-align-center\"><br>The right combination of all these values is what defines us as the Jindrak Team \u2013 our recipe for success \u2013 creating a place where both our employees and our guests feel truly at home.<\/p>\n\n\n\n<div class=\"wp-block-columns are-vertically-aligned-center is-layout-flex wp-container-core-columns-is-layout-9d6595d7 wp-block-columns-is-layout-flex\">\n<div class=\"wp-block-column is-vertically-aligned-center is-layout-flow wp-block-column-is-layout-flow\" style=\"flex-basis:100%\">\n<div class=\"wp-block-columns is-layout-flex wp-container-core-columns-is-layout-9d6595d7 wp-block-columns-is-layout-flex\">\n<div class=\"wp-block-column is-layout-flow wp-block-column-is-layout-flow\"><\/div>\n\n\n\n<div class=\"wp-block-column is-layout-flow wp-block-column-is-layout-flow\">\n<figure class=\"wp-block-image aligncenter size-full is-resized\"><img decoding=\"async\" width=\"350\" height=\"206\" src=\"https:\/\/www.linzertorte.at\/app\/uploads\/2025\/09\/Unterschrift_LJ_ohneHG-e1758273976747.png\" alt=\"\" class=\"wp-image-3498\" style=\"width:224px;height:auto\"><\/figure>\n<\/div>\n\n\n\n<div class=\"wp-block-column is-layout-flow wp-block-column-is-layout-flow\"><\/div>\n<\/div>\n<\/div>\n<\/div>\n\n\n\n<p class=\"has-text-align-center\">yours pastry chef Leo Jindrak and his team<\/p>\n\n\n\n<p class=\"has-text-align-center\"><\/p>\n<\/div>\n","protected":false},"excerpt":{"rendered":"<p>Jindrak Family ConfectioneryFamily business Jindrak The house of Jindrak has a long tradition. In 1929 my grandfather Kommerzialrat Leo Jindrak I. opened up the first cake shop at 22, Herrenstra\u00dfe. He employed two shop assistants and three pastry cooks. In 1971 my father Leo Jindrak II. took charge of the firm and he had both &hellip; <a href=\"https:\/\/www.linzertorte.at\/en\/jindrak-family-confectionery\/\">Continued<\/a><\/p>\n","protected":false},"author":1,"featured_media":3790,"parent":0,"menu_order":0,"comment_status":"closed","ping_status":"closed","template":"","meta":{"_acf_changed":false,"footnotes":""},"class_list":["post-3791","page","type-page","status-publish","has-post-thumbnail","hentry"],"acf":[],"_links":{"self":[{"href":"https:\/\/www.linzertorte.at\/en\/wp-json\/wp\/v2\/pages\/3791","targetHints":{"allow":["GET"]}}],"collection":[{"href":"https:\/\/www.linzertorte.at\/en\/wp-json\/wp\/v2\/pages"}],"about":[{"href":"https:\/\/www.linzertorte.at\/en\/wp-json\/wp\/v2\/types\/page"}],"author":[{"embeddable":true,"href":"https:\/\/www.linzertorte.at\/en\/wp-json\/wp\/v2\/users\/1"}],"replies":[{"embeddable":true,"href":"https:\/\/www.linzertorte.at\/en\/wp-json\/wp\/v2\/comments?post=3791"}],"version-history":[{"count":15,"href":"https:\/\/www.linzertorte.at\/en\/wp-json\/wp\/v2\/pages\/3791\/revisions"}],"predecessor-version":[{"id":6086,"href":"https:\/\/www.linzertorte.at\/en\/wp-json\/wp\/v2\/pages\/3791\/revisions\/6086"}],"wp:featuredmedia":[{"embeddable":true,"href":"https:\/\/www.linzertorte.at\/en\/wp-json\/wp\/v2\/media\/3790"}],"wp:attachment":[{"href":"https:\/\/www.linzertorte.at\/en\/wp-json\/wp\/v2\/media?parent=3791"}],"curies":[{"name":"wp","href":"https:\/\/api.w.org\/{rel}","templated":true}]}}